{"id":15,"date":"2025-02-28T08:26:48","date_gmt":"2025-02-28T07:26:48","guid":{"rendered":"https:\/\/witoldcislo.anaconda.com.pl\/?page_id=15"},"modified":"2025-02-28T08:51:41","modified_gmt":"2025-02-28T07:51:41","slug":"sekcja-strony-glownej","status":"publish","type":"page","link":"https:\/\/witoldcislo.anaconda.com.pl\/index.php\/sekcja-strony-glownej\/","title":{"rendered":"Oferta koncertowa"},"content":{"rendered":"\n<h2 class=\"wp-block-heading\" style=\"font-size:38px;line-height:1.4\"><strong>20-lecie p\u0142yty In the room &#8211; jubileuszowa trasa &#8211; Cis\u0142o &amp; Kilja\u0144ski<\/strong><\/h2>\n\n\n\n<div class=\"wp-block-columns is-layout-flex wp-container-core-columns-is-layout-9d6595d7 wp-block-columns-is-layout-flex\">\n<div class=\"wp-block-column is-layout-flow wp-block-column-is-layout-flow\">\n<p style=\"font-size:18px\">Z ogromn\u0105 rado\u015bci\u0105 informujemy, \u017ce Krzysztof Kilja\u0144ski powraca na scen\u0119 z okazji 20-lecia premiery p\u0142yty \u201eIn The Room\u201d i przeboju \u201ePr\u00f3cz Ciebie, nic\u201d. Ta wyj\u0105tkowa trasa koncertowa rozpocznie si\u0119 w 2025 roku, a my pragniemy zaprosi\u0107 Pa\u0144stwa do wsp\u00f3lnego \u015bwi\u0119towania tego jubileuszu.<\/p>\n\n\n\n<p style=\"font-size:18px\">Muzyka Krzysztofa Kilja\u0144skiego nieustannie \u0142\u0105czy pokolenia i przyci\u0105ga zar\u00f3wno m\u0142odszych, jak i starszych s\u0142uchaczy. Jego utwory, pe\u0142ne emocji i pi\u0119knych melodii, zyska\u0142y status ponadczasowych i ciesz\u0105 si\u0119 niezmienn\u0105 popularno\u015bci\u0105. Chcieliby\u015bmy, aby r\u00f3wnie\u017c Pa\u0144stwa miejscowo\u015b\u0107 sta\u0142a si\u0119 cz\u0119\u015bci\u0105 tej niezwyk\u0142ej muzycznej podr\u00f3\u017cy.<\/p>\n\n\n\n<figure class=\"wp-block-image size-full\"><img loading=\"lazy\" decoding=\"async\" width=\"604\" height=\"600\" src=\"https:\/\/witoldcislo.anaconda.com.pl\/wp-content\/uploads\/2025\/02\/in-the-room-b-iext105572497-1.jpg\" alt=\"\" class=\"wp-image-76\" srcset=\"https:\/\/witoldcislo.anaconda.com.pl\/wp-content\/uploads\/2025\/02\/in-the-room-b-iext105572497-1.jpg 604w, https:\/\/witoldcislo.anaconda.com.pl\/wp-content\/uploads\/2025\/02\/in-the-room-b-iext105572497-1-300x298.jpg 300w, https:\/\/witoldcislo.anaconda.com.pl\/wp-content\/uploads\/2025\/02\/in-the-room-b-iext105572497-1-150x150.jpg 150w, https:\/\/witoldcislo.anaconda.com.pl\/wp-content\/uploads\/2025\/02\/in-the-room-b-iext105572497-1-100x100.jpg 100w\" sizes=\"auto, (max-width: 604px) 100vw, 604px\" \/><\/figure>\n<\/div>\n<\/div>\n\n\n\n<h2 class=\"wp-block-heading\">Mo\u017cliwo\u015b\u0107 wsp\u00f3\u0142pracy i organizacji koncertu<\/h2>\n\n\n\n<p>Nasze koncerty s\u0105 elastyczne i dopasowane do ka\u017cdej przestrzeni oraz oczekiwa\u0144 publiczno\u015bci. Oferujemy trzy warianty organizacji: w pi\u0119cioosobowym sk\u0142adzie, w trio lub w duecie, gwarantuj\u0105c najwy\u017csz\u0105 jako\u015b\u0107 artystyczn\u0105.<\/p>\n\n\n\n<p>Dodatkowo, z przyjemno\u015bci\u0105 zaprosimy na scen\u0119 lokalnego artyst\u0119 do wsp\u00f3lnego wykonania wybranego utworu. To doskona\u0142a okazja do po\u0142\u0105czenia si\u0142 i pokazania potencja\u0142u artystycznego lokalnej spo\u0142eczno\u015bci.<\/p>\n\n\n\n<p>Zach\u0119camy do zapoznania si\u0119 z materia\u0142em promocyjnym dost\u0119pnym pod linkiem:<\/p>\n\n\n\n<p>\ud83c\udfa5 <a href=\"https:\/\/www.youtube.com\/watch?v=VvjUMN5mLOs\">Obejrzyj tutaj<\/a><\/p>\n\n\n\n<p>Czekamy na kontakt w celu ustalenia szczeg\u00f3\u0142\u00f3w i terminu koncertu. Razem stw\u00f3rzmy niezapomniane wydarzenie! \ud83c\udfb6\u2728<\/p>\n\n\n\n<p>\u200b<\/p>\n\n\n\n<p>Z wyrazami szacunku,<\/p>\n\n\n\n<p>Wy\u0142\u0105czny impresariat 20-lecia p\u0142yty \u201eIn the room\u201d,<\/p>\n\n\n\n<p><a>impresariat@anaconda.com.pl<\/a><\/p>\n\n\n\n<p>Piotr Remiszewski: 604 184 545<\/p>\n\n\n\n<p>Witold Cis\u0142o: 601 765 467<\/p>\n","protected":false},"excerpt":{"rendered":"<p>20-lecie p\u0142yty In the room &#8211; jubileuszowa trasa &#8211; Cis\u0142o &amp; Kilja\u0144ski Z ogromn\u0105 rado\u015bci\u0105 informujemy, \u017ce Krzysztof Kilja\u0144ski powraca na scen\u0119 z okazji 20-lecia premiery p\u0142yty \u201eIn The Room\u201d i przeboju \u201ePr\u00f3cz Ciebie, nic\u201d. Ta wyj\u0105tkowa trasa koncertowa rozpocznie si\u0119 w 2025 roku, a my pragniemy zaprosi\u0107 Pa\u0144stwa do wsp\u00f3lnego \u015bwi\u0119towania tego jubileuszu. Muzyka &hellip; <\/p>\n<p class=\"link-more\"><a href=\"https:\/\/witoldcislo.anaconda.com.pl\/index.php\/sekcja-strony-glownej\/\" class=\"more-link\">Czytaj dalej<span class=\"screen-reader-text\"> \u201eOferta koncertowa\u201d<\/span><\/a><\/p>\n","protected":false},"author":1,"featured_media":44,"parent":0,"menu_order":0,"comment_status":"closed","ping_status":"closed","template":"","meta":{"footnotes":""},"class_list":["post-15","page","type-page","status-publish","has-post-thumbnail","hentry"],"_links":{"self":[{"href":"https:\/\/witoldcislo.anaconda.com.pl\/index.php\/wp-json\/wp\/v2\/pages\/15","targetHints":{"allow":["GET"]}}],"collection":[{"href":"https:\/\/witoldcislo.anaconda.com.pl\/index.php\/wp-json\/wp\/v2\/pages"}],"about":[{"href":"https:\/\/witoldcislo.anaconda.com.pl\/index.php\/wp-json\/wp\/v2\/types\/page"}],"author":[{"embeddable":true,"href":"https:\/\/witoldcislo.anaconda.com.pl\/index.php\/wp-json\/wp\/v2\/users\/1"}],"replies":[{"embeddable":true,"href":"https:\/\/witoldcislo.anaconda.com.pl\/index.php\/wp-json\/wp\/v2\/comments?post=15"}],"version-history":[{"count":4,"href":"https:\/\/witoldcislo.anaconda.com.pl\/index.php\/wp-json\/wp\/v2\/pages\/15\/revisions"}],"predecessor-version":[{"id":77,"href":"https:\/\/witoldcislo.anaconda.com.pl\/index.php\/wp-json\/wp\/v2\/pages\/15\/revisions\/77"}],"wp:featuredmedia":[{"embeddable":true,"href":"https:\/\/witoldcislo.anaconda.com.pl\/index.php\/wp-json\/wp\/v2\/media\/44"}],"wp:attachment":[{"href":"https:\/\/witoldcislo.anaconda.com.pl\/index.php\/wp-json\/wp\/v2\/media?parent=15"}],"curies":[{"name":"wp","href":"https:\/\/api.w.org\/{rel}","templated":true}]}}